{"id":129,"date":"2021-11-04T15:52:02","date_gmt":"2021-11-04T15:52:02","guid":{"rendered":"https:\/\/informaticasisahsv.ro\/?page_id=129"},"modified":"2024-10-26T16:05:19","modified_gmt":"2024-10-26T14:05:19","slug":"metoda-divide-et-impera","status":"publish","type":"page","link":"https:\/\/informaticasisahsv.ro\/index.php\/metode-de-programare\/metode-de-programare-rudimentare\/metoda-divide-et-impera\/","title":{"rendered":"Metoda &#8222;divide et impera&#8221;"},"content":{"rendered":"\n<p class=\"has-text-color\" style=\"color:#0700a3\"><strong>Divide et Impera<\/strong>&nbsp;este o metod\u0103 de programare bazat\u0103 pe un principiu simplu:<\/p>\n\n\n\n<ul class=\"has-text-color wp-block-list\" style=\"color:#000fa3\"><li>problema dat\u0103 se descompune \u00een dou\u0103 (sau mai multe) subprobleme (de acela\u0219i tip ca problema ini\u021bial\u0103, dar de dimensiuni mai mici);<\/li><li>se rezolv\u0103 independent fiecare subproblem\u0103;<\/li><li>se combin\u0103 rezultatele ob\u021binute pentru subprobleme, ob\u021bin\u00e2nd rezultatul problemei ini\u021biale.<\/li><\/ul>\n\n\n\n<div class=\"wp-block-buttons is-layout-flex wp-block-buttons-is-layout-flex\">\n<div class=\"wp-block-button has-custom-font-size has-large-font-size\"><a class=\"wp-block-button__link has-ast-global-color-6-background-color has-text-color has-background\" style=\"border-radius:16px;color:#a30066\">Caz A<\/a><\/div>\n\n\n\n<div class=\"wp-block-button has-custom-font-size is-style-fill\" style=\"font-size:34px\"><a class=\"wp-block-button__link has-ast-global-color-6-background-color has-text-color has-background\" style=\"border-radius:13px;color:#00a329\">Caz B<\/a><\/div>\n\n\n\n<div class=\"wp-block-button has-custom-font-size is-style-outline has-large-font-size is-style-outline--1\"><a class=\"wp-block-button__link\">Caz C<\/a><\/div>\n\n\n\n<div class=\"wp-block-button has-custom-font-size is-style-fill has-large-font-size\"><a class=\"wp-block-button__link\">Caz D<\/a><\/div>\n<\/div>\n\n\n\n<p>Subproblemele trebuie s\u0103 fie de acela\u0219i tip cu problema ini\u021bial\u0103, ele urm\u00e2nd a fi rezolvate prin aceea\u0219i tehnic\u0103.<\/p>\n\n\n\n<p>Subproblemele \u00een care se descompun problema dat\u0103 trebuie s\u0103 fie:<\/p>\n\n\n\n<ul class=\"wp-block-list\"><li>de acela\u0219i tip cu problema dat\u0103;<\/li><li>de dimensiuni mai mici (mai \u201cu\u0219oare\u201d);<\/li><li>independente (s\u0103 nu se suprapun\u0103, prelucreaz\u0103 seturi de date distincte).<\/li><\/ul>\n\n\n\n<p class=\"has-text-color\" style=\"color:#0000ff\">\u00cen tehnica Divide et Impera, \u00een urma \u00eemp\u0103r\u021birilor succesive \u00een subprobleme, se ajunge \u00een situa\u021bia c\u0103 problema curent\u0103 nu mai poate fi \u00eemp\u0103r\u021bit\u0103 \u00een subprobleme. O asemenea problem\u0103 se nume\u0219te\u00a0<strong>problem\u0103 elementar\u0103<\/strong>\u00a0\u0219i se rezolv\u0103 \u00een alt mod \u2013 de regul\u0103 foarte simplu.<\/p>\n\n\n\n<p><\/p>\n\n\n\n<p><\/p>\n\n\n\n<p><\/p>\n\n\n\n<p><\/p>\n\n\n\n<div class=\"wp-block-buttons is-layout-flex wp-block-buttons-is-layout-flex\">\n<div class=\"wp-block-button has-custom-font-size is-style-fill has-normal-font-size\"><a class=\"wp-block-button__link has-text-color has-background\" href=\"https:\/\/informaticasisahsv.ro\/index.php\/metode-de-programare\/\" style=\"background-color:#ffff99;color:#a3001d\">\u00eenapoi la pagina anterioar\u0103<\/a><\/div>\n\n\n\n<div class=\"wp-block-button is-style-outline is-style-outline--2\"><a class=\"wp-block-button__link\">eeewedeehsh<\/a><\/div>\n<\/div>\n\n\n\n<p><\/p>\n","protected":false},"excerpt":{"rendered":"<p>Divide et Impera&nbsp;este o metod\u0103 de programare bazat\u0103 pe un principiu simplu: problema dat\u0103 se descompune \u00een dou\u0103 (sau mai multe) subprobleme (de acela\u0219i tip ca problema ini\u021bial\u0103, dar de dimensiuni mai mici); se rezolv\u0103 independent fiecare subproblem\u0103; se combin\u0103 rezultatele ob\u021binute pentru subprobleme, ob\u021bin\u00e2nd rezultatul problemei ini\u021biale. Subproblemele trebuie s\u0103 fie de acela\u0219i tip [&hellip;]<\/p>\n","protected":false},"author":1,"featured_media":0,"parent":117,"menu_order":0,"comment_status":"closed","ping_status":"closed","template":"elementor_header_footer","meta":{"_eb_attr":"","footnotes":""},"class_list":["post-129","page","type-page","status-publish","hentry"],"yoast_head":"<!-- This site is optimized with the Yoast SEO plugin v27.4 - https:\/\/yoast.com\/product\/yoast-seo-wordpress\/ -->\n<title>Metoda &quot;divide et impera&quot; - Informatica &amp; Sah<\/title>\n<meta name=\"robots\" content=\"index, follow, max-snippet:-1, max-image-preview:large, max-video-preview:-1\" \/>\n<link rel=\"canonical\" href=\"https:\/\/informaticasisahsv.ro\/index.php\/metode-de-programare\/metode-de-programare-rudimentare\/metoda-divide-et-impera\/\" \/>\n<meta property=\"og:locale\" content=\"ro_RO\" \/>\n<meta property=\"og:type\" content=\"article\" \/>\n<meta property=\"og:title\" content=\"Metoda &quot;divide et impera&quot; - Informatica &amp; Sah\" \/>\n<meta property=\"og:description\" content=\"Divide et Impera&nbsp;este o metod\u0103 de programare bazat\u0103 pe un principiu simplu: problema dat\u0103 se descompune \u00een dou\u0103 (sau mai multe) subprobleme (de acela\u0219i tip ca problema ini\u021bial\u0103, dar de dimensiuni mai mici); se rezolv\u0103 independent fiecare subproblem\u0103; se combin\u0103 rezultatele ob\u021binute pentru subprobleme, ob\u021bin\u00e2nd rezultatul problemei ini\u021biale. Subproblemele trebuie s\u0103 fie de acela\u0219i tip [&hellip;]\" \/>\n<meta property=\"og:url\" content=\"https:\/\/informaticasisahsv.ro\/index.php\/metode-de-programare\/metode-de-programare-rudimentare\/metoda-divide-et-impera\/\" \/>\n<meta property=\"og:site_name\" content=\"Informatica &amp; Sah\" \/>\n<meta property=\"article:modified_time\" content=\"2024-10-26T14:05:19+00:00\" \/>\n<meta name=\"twitter:card\" content=\"summary_large_image\" \/>\n<meta name=\"twitter:label1\" content=\"Timp estimat pentru citire\" \/>\n\t<meta name=\"twitter:data1\" content=\"1 minut\" \/>\n<script type=\"application\/ld+json\" class=\"yoast-schema-graph\">{\"@context\":\"https:\\\/\\\/schema.org\",\"@graph\":[{\"@type\":\"WebPage\",\"@id\":\"https:\\\/\\\/informaticasisahsv.ro\\\/index.php\\\/metode-de-programare\\\/metode-de-programare-rudimentare\\\/metoda-divide-et-impera\\\/\",\"url\":\"https:\\\/\\\/informaticasisahsv.ro\\\/index.php\\\/metode-de-programare\\\/metode-de-programare-rudimentare\\\/metoda-divide-et-impera\\\/\",\"name\":\"Metoda \\\"divide et impera\\\" - Informatica &amp; Sah\",\"isPartOf\":{\"@id\":\"https:\\\/\\\/informaticasisahsv.ro\\\/#website\"},\"datePublished\":\"2021-11-04T15:52:02+00:00\",\"dateModified\":\"2024-10-26T14:05:19+00:00\",\"breadcrumb\":{\"@id\":\"https:\\\/\\\/informaticasisahsv.ro\\\/index.php\\\/metode-de-programare\\\/metode-de-programare-rudimentare\\\/metoda-divide-et-impera\\\/#breadcrumb\"},\"inLanguage\":\"ro-RO\",\"potentialAction\":[{\"@type\":\"ReadAction\",\"target\":[\"https:\\\/\\\/informaticasisahsv.ro\\\/index.php\\\/metode-de-programare\\\/metode-de-programare-rudimentare\\\/metoda-divide-et-impera\\\/\"]}]},{\"@type\":\"BreadcrumbList\",\"@id\":\"https:\\\/\\\/informaticasisahsv.ro\\\/index.php\\\/metode-de-programare\\\/metode-de-programare-rudimentare\\\/metoda-divide-et-impera\\\/#breadcrumb\",\"itemListElement\":[{\"@type\":\"ListItem\",\"position\":1,\"name\":\"Prima pagin\u0103\",\"item\":\"https:\\\/\\\/informaticasisahsv.ro\\\/\"},{\"@type\":\"ListItem\",\"position\":2,\"name\":\"Metode de programare\",\"item\":\"https:\\\/\\\/informaticasisahsv.ro\\\/index.php\\\/metode-de-programare\\\/\"},{\"@type\":\"ListItem\",\"position\":3,\"name\":\"Metode de programare rudimentare\",\"item\":\"https:\\\/\\\/informaticasisahsv.ro\\\/index.php\\\/metode-de-programare\\\/metode-de-programare-rudimentare\\\/\"},{\"@type\":\"ListItem\",\"position\":4,\"name\":\"Metoda &#8222;divide et impera&#8221;\"}]},{\"@type\":\"WebSite\",\"@id\":\"https:\\\/\\\/informaticasisahsv.ro\\\/#website\",\"url\":\"https:\\\/\\\/informaticasisahsv.ro\\\/\",\"name\":\"Informatica &amp; Sah\",\"description\":\"\",\"potentialAction\":[{\"@type\":\"SearchAction\",\"target\":{\"@type\":\"EntryPoint\",\"urlTemplate\":\"https:\\\/\\\/informaticasisahsv.ro\\\/?s={search_term_string}\"},\"query-input\":{\"@type\":\"PropertyValueSpecification\",\"valueRequired\":true,\"valueName\":\"search_term_string\"}}],\"inLanguage\":\"ro-RO\"}]}<\/script>\n<!-- \/ Yoast SEO plugin. -->","yoast_head_json":{"title":"Metoda \"divide et impera\" - Informatica &amp; Sah","robots":{"index":"index","follow":"follow","max-snippet":"max-snippet:-1","max-image-preview":"max-image-preview:large","max-video-preview":"max-video-preview:-1"},"canonical":"https:\/\/informaticasisahsv.ro\/index.php\/metode-de-programare\/metode-de-programare-rudimentare\/metoda-divide-et-impera\/","og_locale":"ro_RO","og_type":"article","og_title":"Metoda \"divide et impera\" - Informatica &amp; Sah","og_description":"Divide et Impera&nbsp;este o metod\u0103 de programare bazat\u0103 pe un principiu simplu: problema dat\u0103 se descompune \u00een dou\u0103 (sau mai multe) subprobleme (de acela\u0219i tip ca problema ini\u021bial\u0103, dar de dimensiuni mai mici); se rezolv\u0103 independent fiecare subproblem\u0103; se combin\u0103 rezultatele ob\u021binute pentru subprobleme, ob\u021bin\u00e2nd rezultatul problemei ini\u021biale. Subproblemele trebuie s\u0103 fie de acela\u0219i tip [&hellip;]","og_url":"https:\/\/informaticasisahsv.ro\/index.php\/metode-de-programare\/metode-de-programare-rudimentare\/metoda-divide-et-impera\/","og_site_name":"Informatica &amp; Sah","article_modified_time":"2024-10-26T14:05:19+00:00","twitter_card":"summary_large_image","twitter_misc":{"Timp estimat pentru citire":"1 minut"},"schema":{"@context":"https:\/\/schema.org","@graph":[{"@type":"WebPage","@id":"https:\/\/informaticasisahsv.ro\/index.php\/metode-de-programare\/metode-de-programare-rudimentare\/metoda-divide-et-impera\/","url":"https:\/\/informaticasisahsv.ro\/index.php\/metode-de-programare\/metode-de-programare-rudimentare\/metoda-divide-et-impera\/","name":"Metoda \"divide et impera\" - Informatica &amp; Sah","isPartOf":{"@id":"https:\/\/informaticasisahsv.ro\/#website"},"datePublished":"2021-11-04T15:52:02+00:00","dateModified":"2024-10-26T14:05:19+00:00","breadcrumb":{"@id":"https:\/\/informaticasisahsv.ro\/index.php\/metode-de-programare\/metode-de-programare-rudimentare\/metoda-divide-et-impera\/#breadcrumb"},"inLanguage":"ro-RO","potentialAction":[{"@type":"ReadAction","target":["https:\/\/informaticasisahsv.ro\/index.php\/metode-de-programare\/metode-de-programare-rudimentare\/metoda-divide-et-impera\/"]}]},{"@type":"BreadcrumbList","@id":"https:\/\/informaticasisahsv.ro\/index.php\/metode-de-programare\/metode-de-programare-rudimentare\/metoda-divide-et-impera\/#breadcrumb","itemListElement":[{"@type":"ListItem","position":1,"name":"Prima pagin\u0103","item":"https:\/\/informaticasisahsv.ro\/"},{"@type":"ListItem","position":2,"name":"Metode de programare","item":"https:\/\/informaticasisahsv.ro\/index.php\/metode-de-programare\/"},{"@type":"ListItem","position":3,"name":"Metode de programare rudimentare","item":"https:\/\/informaticasisahsv.ro\/index.php\/metode-de-programare\/metode-de-programare-rudimentare\/"},{"@type":"ListItem","position":4,"name":"Metoda &#8222;divide et impera&#8221;"}]},{"@type":"WebSite","@id":"https:\/\/informaticasisahsv.ro\/#website","url":"https:\/\/informaticasisahsv.ro\/","name":"Informatica &amp; Sah","description":"","potentialAction":[{"@type":"SearchAction","target":{"@type":"EntryPoint","urlTemplate":"https:\/\/informaticasisahsv.ro\/?s={search_term_string}"},"query-input":{"@type":"PropertyValueSpecification","valueRequired":true,"valueName":"search_term_string"}}],"inLanguage":"ro-RO"}]}},"_links":{"self":[{"href":"https:\/\/informaticasisahsv.ro\/index.php\/wp-json\/wp\/v2\/pages\/129","targetHints":{"allow":["GET"]}}],"collection":[{"href":"https:\/\/informaticasisahsv.ro\/index.php\/wp-json\/wp\/v2\/pages"}],"about":[{"href":"https:\/\/informaticasisahsv.ro\/index.php\/wp-json\/wp\/v2\/types\/page"}],"author":[{"embeddable":true,"href":"https:\/\/informaticasisahsv.ro\/index.php\/wp-json\/wp\/v2\/users\/1"}],"replies":[{"embeddable":true,"href":"https:\/\/informaticasisahsv.ro\/index.php\/wp-json\/wp\/v2\/comments?post=129"}],"version-history":[{"count":19,"href":"https:\/\/informaticasisahsv.ro\/index.php\/wp-json\/wp\/v2\/pages\/129\/revisions"}],"predecessor-version":[{"id":167,"href":"https:\/\/informaticasisahsv.ro\/index.php\/wp-json\/wp\/v2\/pages\/129\/revisions\/167"}],"up":[{"embeddable":true,"href":"https:\/\/informaticasisahsv.ro\/index.php\/wp-json\/wp\/v2\/pages\/117"}],"wp:attachment":[{"href":"https:\/\/informaticasisahsv.ro\/index.php\/wp-json\/wp\/v2\/media?parent=129"}],"curies":[{"name":"wp","href":"https:\/\/api.w.org\/{rel}","templated":true}]}}